{"id":3719,"date":"2023-01-25T14:20:20","date_gmt":"2023-01-25T14:20:20","guid":{"rendered":"https:\/\/new.dronestars.nl\/?post_type=product&#038;p=3719"},"modified":"2023-01-25T14:20:48","modified_gmt":"2023-01-25T14:20:48","slug":"zenmuse-l1-3","status":"publish","type":"product","link":"https:\/\/dronestars.nl\/de\/verkoop\/occasions\/zenmuse-l1-3\/","title":{"rendered":"Zenmuse L1"},"content":{"rendered":"<p>De Zenmuse L1 integreert een Livox Lidar-module, een zeer nauwkeurige IMU en een camera met een 1-inch CMOS op een 3-assige gestabiliseerde gimbal. Bij gebruik met de Matrice 300 RTK en de DJI Terra vormt de Zenmuse L1 een complete oplossing die u de hele dag door realtime 3D-gegevens geeft, waarbij de details van complexe structuren effici\u00ebnt worden vastgelegd en zeer nauwkeurige gereconstrueerde modellen worden geleverd.<\/p>\n","protected":false},"excerpt":{"rendered":"<p><strong>LEVERBAAR VANAF APRIL<\/strong><\/p>\n<table style=\"height: 271px;\" width=\"650\">\n<tbody>\n<tr>\n<td>Gewicht<\/td>\n<td>900g<\/td>\n<\/tr>\n<tr>\n<td>Dimensies<\/td>\n<td>152 \u00d7 110 \u00d7 169 mm<\/td>\n<\/tr>\n<tr>\n<td>Zoom camera ISO Range<\/td>\n<td>Video: 100 &#8211; 3200<br \/>\nPhoto: 100 &#8211; 3200<\/td>\n<\/tr>\n<tr>\n<td>Zoom camera video resolutie<\/td>\n<td>1280 \u00d7 960<\/td>\n<\/tr>\n<tr>\n<td>Effectieve pixels<\/td>\n<td>20 MP<\/td>\n<\/tr>\n<tr>\n<td>Wide camera ISO Range<\/td>\n<td>Video: 100 &#8211; 3200<br \/>\nPhoto: 100 &#8211; 3200<\/td>\n<\/tr>\n<tr>\n<td>Wide camera foto formaat<\/td>\n<td>3:2 (5472 \u00d7 3648)<\/td>\n<\/tr>\n<tr>\n<td>Diafragma bereik<\/td>\n<td>f\/2.8 &#8211; f\/11<\/td>\n<\/tr>\n<\/tbody>\n<\/table>\n<p>&nbsp;<\/p>\n","protected":false},"featured_media":2146,"comment_status":"open","ping_status":"closed","template":"","meta":{"_acf_changed":false},"product_cat":[108],"product_tag":[107],"class_list":{"0":"post-3719","1":"product","2":"type-product","3":"status-publish","4":"has-post-thumbnail","6":"product_cat-occasions","7":"product_tag-cameras","9":"first","10":"instock","11":"taxable","12":"shipping-taxable","13":"purchasable","14":"product-type-simple"},"acf":[],"yoast_head":"<!-- This site is optimized with the Yoast SEO plugin v24.0 - https:\/\/yoast.com\/wordpress\/plugins\/seo\/ -->\n<title>Zenmuse L1 - Dronestars<\/title>\n<meta name=\"robots\" content=\"noindex, follow, max-snippet:-1, max-image-preview:large, max-video-preview:-1\" \/>\n<meta property=\"og:locale\" content=\"de_DE\" \/>\n<meta property=\"og:type\" content=\"article\" \/>\n<meta property=\"og:title\" content=\"Zenmuse L1 - Dronestars\" \/>\n<meta property=\"og:description\" content=\"LEVERBAAR VANAF APRIL    Gewicht 900g   Dimensies 152 \u00d7 110 \u00d7 169 mm   Zoom camera ISO Range Video: 100 - 3200 Photo: 100 - 3200   Zoom camera video resolutie 1280 \u00d7 960   Effectieve pixels 20 MP   Wide camera ISO Range Video: 100 - 3200 Photo: 100 - 3200   Wide camera foto formaat 3:2 (5472 \u00d7 3648)   Diafragma bereik f\/2.8 - f\/11    &nbsp;\" \/>\n<meta property=\"og:url\" content=\"https:\/\/dronestars.nl\/de\/verkoop\/occasions\/zenmuse-l1-3\/\" \/>\n<meta property=\"og:site_name\" content=\"Dronestars\" \/>\n<meta property=\"article:modified_time\" content=\"2023-01-25T14:20:48+00:00\" \/>\n<meta property=\"og:image\" content=\"https:\/\/dronestars.nl\/wp-content\/uploads\/2021\/05\/Zenmuse-L1.png\" \/>\n\t<meta property=\"og:image:width\" content=\"400\" \/>\n\t<meta property=\"og:image:height\" content=\"400\" \/>\n\t<meta property=\"og:image:type\" content=\"image\/png\" \/>\n<meta name=\"twitter:card\" content=\"summary_large_image\" \/>\n<meta name=\"twitter:label1\" content=\"Gesch\u00e4tzte Lesezeit\" \/>\n\t<meta name=\"twitter:data1\" content=\"1\u00a0Minute\" \/>\n<script type=\"application\/ld+json\" class=\"yoast-schema-graph\">{\"@context\":\"https:\/\/schema.org\",\"@graph\":[{\"@type\":\"WebPage\",\"@id\":\"https:\/\/dronestars.nl\/de\/verkoop\/occasions\/zenmuse-l1-3\/\",\"url\":\"https:\/\/dronestars.nl\/de\/verkoop\/occasions\/zenmuse-l1-3\/\",\"name\":\"Zenmuse L1 - Dronestars\",\"isPartOf\":{\"@id\":\"https:\/\/dronestars.nl\/de\/#website\"},\"primaryImageOfPage\":{\"@id\":\"https:\/\/dronestars.nl\/de\/verkoop\/occasions\/zenmuse-l1-3\/#primaryimage\"},\"image\":{\"@id\":\"https:\/\/dronestars.nl\/de\/verkoop\/occasions\/zenmuse-l1-3\/#primaryimage\"},\"thumbnailUrl\":\"https:\/\/dronestars.nl\/wp-content\/uploads\/2021\/05\/Zenmuse-L1.png\",\"datePublished\":\"2023-01-25T14:20:20+00:00\",\"dateModified\":\"2023-01-25T14:20:48+00:00\",\"breadcrumb\":{\"@id\":\"https:\/\/dronestars.nl\/de\/verkoop\/occasions\/zenmuse-l1-3\/#breadcrumb\"},\"inLanguage\":\"de\",\"potentialAction\":[{\"@type\":\"ReadAction\",\"target\":[\"https:\/\/dronestars.nl\/de\/verkoop\/occasions\/zenmuse-l1-3\/\"]}]},{\"@type\":\"ImageObject\",\"inLanguage\":\"de\",\"@id\":\"https:\/\/dronestars.nl\/de\/verkoop\/occasions\/zenmuse-l1-3\/#primaryimage\",\"url\":\"https:\/\/dronestars.nl\/wp-content\/uploads\/2021\/05\/Zenmuse-L1.png\",\"contentUrl\":\"https:\/\/dronestars.nl\/wp-content\/uploads\/2021\/05\/Zenmuse-L1.png\",\"width\":400,\"height\":400},{\"@type\":\"BreadcrumbList\",\"@id\":\"https:\/\/dronestars.nl\/de\/verkoop\/occasions\/zenmuse-l1-3\/#breadcrumb\",\"itemListElement\":[{\"@type\":\"ListItem\",\"position\":1,\"name\":\"Home\",\"item\":\"https:\/\/dronestars.nl\/de\/\"},{\"@type\":\"ListItem\",\"position\":2,\"name\":\"Shop\",\"item\":\"https:\/\/dronestars.nl\/de\/shop\/\"},{\"@type\":\"ListItem\",\"position\":3,\"name\":\"Zenmuse L1\"}]},{\"@type\":\"WebSite\",\"@id\":\"https:\/\/dronestars.nl\/de\/#website\",\"url\":\"https:\/\/dronestars.nl\/de\/\",\"name\":\"Dronestars\",\"description\":\"Uw partner in zakelijke drone toepassingen\",\"publisher\":{\"@id\":\"https:\/\/dronestars.nl\/de\/#organization\"},\"potentialAction\":[{\"@type\":\"SearchAction\",\"target\":{\"@type\":\"EntryPoint\",\"urlTemplate\":\"https:\/\/dronestars.nl\/de\/?s={search_term_string}\"},\"query-input\":{\"@type\":\"PropertyValueSpecification\",\"valueRequired\":true,\"valueName\":\"search_term_string\"}}],\"inLanguage\":\"de\"},{\"@type\":\"Organization\",\"@id\":\"https:\/\/dronestars.nl\/de\/#organization\",\"name\":\"Dronestars\",\"url\":\"https:\/\/dronestars.nl\/de\/\",\"logo\":{\"@type\":\"ImageObject\",\"inLanguage\":\"de\",\"@id\":\"https:\/\/dronestars.nl\/de\/#\/schema\/logo\/image\/\",\"url\":\"https:\/\/dronestars.nl\/wp-content\/uploads\/2021\/05\/dronestars_logo_small.png\",\"contentUrl\":\"https:\/\/dronestars.nl\/wp-content\/uploads\/2021\/05\/dronestars_logo_small.png\",\"width\":300,\"height\":57,\"caption\":\"Dronestars\"},\"image\":{\"@id\":\"https:\/\/dronestars.nl\/de\/#\/schema\/logo\/image\/\"}}]}<\/script>\n<!-- \/ Yoast SEO plugin. -->","yoast_head_json":{"title":"Zenmuse L1 - Dronestars","robots":{"index":"noindex","follow":"follow","max-snippet":"max-snippet:-1","max-image-preview":"max-image-preview:large","max-video-preview":"max-video-preview:-1"},"og_locale":"de_DE","og_type":"article","og_title":"Zenmuse L1 - Dronestars","og_description":"LEVERBAAR VANAF APRIL    Gewicht 900g   Dimensies 152 \u00d7 110 \u00d7 169 mm   Zoom camera ISO Range Video: 100 - 3200 Photo: 100 - 3200   Zoom camera video resolutie 1280 \u00d7 960   Effectieve pixels 20 MP   Wide camera ISO Range Video: 100 - 3200 Photo: 100 - 3200   Wide camera foto formaat 3:2 (5472 \u00d7 3648)   Diafragma bereik f\/2.8 - f\/11    &nbsp;","og_url":"https:\/\/dronestars.nl\/de\/verkoop\/occasions\/zenmuse-l1-3\/","og_site_name":"Dronestars","article_modified_time":"2023-01-25T14:20:48+00:00","og_image":[{"width":400,"height":400,"url":"https:\/\/dronestars.nl\/wp-content\/uploads\/2021\/05\/Zenmuse-L1.png","type":"image\/png"}],"twitter_card":"summary_large_image","twitter_misc":{"Gesch\u00e4tzte Lesezeit":"1\u00a0Minute"},"schema":{"@context":"https:\/\/schema.org","@graph":[{"@type":"WebPage","@id":"https:\/\/dronestars.nl\/de\/verkoop\/occasions\/zenmuse-l1-3\/","url":"https:\/\/dronestars.nl\/de\/verkoop\/occasions\/zenmuse-l1-3\/","name":"Zenmuse L1 - Dronestars","isPartOf":{"@id":"https:\/\/dronestars.nl\/de\/#website"},"primaryImageOfPage":{"@id":"https:\/\/dronestars.nl\/de\/verkoop\/occasions\/zenmuse-l1-3\/#primaryimage"},"image":{"@id":"https:\/\/dronestars.nl\/de\/verkoop\/occasions\/zenmuse-l1-3\/#primaryimage"},"thumbnailUrl":"https:\/\/dronestars.nl\/wp-content\/uploads\/2021\/05\/Zenmuse-L1.png","datePublished":"2023-01-25T14:20:20+00:00","dateModified":"2023-01-25T14:20:48+00:00","breadcrumb":{"@id":"https:\/\/dronestars.nl\/de\/verkoop\/occasions\/zenmuse-l1-3\/#breadcrumb"},"inLanguage":"de","potentialAction":[{"@type":"ReadAction","target":["https:\/\/dronestars.nl\/de\/verkoop\/occasions\/zenmuse-l1-3\/"]}]},{"@type":"ImageObject","inLanguage":"de","@id":"https:\/\/dronestars.nl\/de\/verkoop\/occasions\/zenmuse-l1-3\/#primaryimage","url":"https:\/\/dronestars.nl\/wp-content\/uploads\/2021\/05\/Zenmuse-L1.png","contentUrl":"https:\/\/dronestars.nl\/wp-content\/uploads\/2021\/05\/Zenmuse-L1.png","width":400,"height":400},{"@type":"BreadcrumbList","@id":"https:\/\/dronestars.nl\/de\/verkoop\/occasions\/zenmuse-l1-3\/#breadcrumb","itemListElement":[{"@type":"ListItem","position":1,"name":"Home","item":"https:\/\/dronestars.nl\/de\/"},{"@type":"ListItem","position":2,"name":"Shop","item":"https:\/\/dronestars.nl\/de\/shop\/"},{"@type":"ListItem","position":3,"name":"Zenmuse L1"}]},{"@type":"WebSite","@id":"https:\/\/dronestars.nl\/de\/#website","url":"https:\/\/dronestars.nl\/de\/","name":"Dronestars","description":"Uw partner in zakelijke drone toepassingen","publisher":{"@id":"https:\/\/dronestars.nl\/de\/#organization"},"potentialAction":[{"@type":"SearchAction","target":{"@type":"EntryPoint","urlTemplate":"https:\/\/dronestars.nl\/de\/?s={search_term_string}"},"query-input":{"@type":"PropertyValueSpecification","valueRequired":true,"valueName":"search_term_string"}}],"inLanguage":"de"},{"@type":"Organization","@id":"https:\/\/dronestars.nl\/de\/#organization","name":"Dronestars","url":"https:\/\/dronestars.nl\/de\/","logo":{"@type":"ImageObject","inLanguage":"de","@id":"https:\/\/dronestars.nl\/de\/#\/schema\/logo\/image\/","url":"https:\/\/dronestars.nl\/wp-content\/uploads\/2021\/05\/dronestars_logo_small.png","contentUrl":"https:\/\/dronestars.nl\/wp-content\/uploads\/2021\/05\/dronestars_logo_small.png","width":300,"height":57,"caption":"Dronestars"},"image":{"@id":"https:\/\/dronestars.nl\/de\/#\/schema\/logo\/image\/"}}]}},"_links":{"self":[{"href":"https:\/\/dronestars.nl\/de\/wp-json\/wp\/v2\/product\/3719","targetHints":{"allow":["GET"]}}],"collection":[{"href":"https:\/\/dronestars.nl\/de\/wp-json\/wp\/v2\/product"}],"about":[{"href":"https:\/\/dronestars.nl\/de\/wp-json\/wp\/v2\/types\/product"}],"replies":[{"embeddable":true,"href":"https:\/\/dronestars.nl\/de\/wp-json\/wp\/v2\/comments?post=3719"}],"wp:featuredmedia":[{"embeddable":true,"href":"https:\/\/dronestars.nl\/de\/wp-json\/wp\/v2\/media\/2146"}],"wp:attachment":[{"href":"https:\/\/dronestars.nl\/de\/wp-json\/wp\/v2\/media?parent=3719"}],"wp:term":[{"taxonomy":"product_cat","embeddable":true,"href":"https:\/\/dronestars.nl\/de\/wp-json\/wp\/v2\/product_cat?post=3719"},{"taxonomy":"product_tag","embeddable":true,"href":"https:\/\/dronestars.nl\/de\/wp-json\/wp\/v2\/product_tag?post=3719"}],"curies":[{"name":"wp","href":"https:\/\/api.w.org\/{rel}","templated":true}]}}